{"id":86,"date":"2016-09-05T19:25:00","date_gmt":"2016-09-05T19:25:00","guid":{"rendered":"http:\/\/alfarehab.hu\/alfarehabweb\/?page_id=86"},"modified":"2025-01-17T09:30:37","modified_gmt":"2025-01-17T09:30:37","slug":"egeszsegcentrum","status":"publish","type":"page","link":"http:\/\/alfarehab.hu\/alfarehabweb\/tevekenysegeink\/egeszsegcentrum\/","title":{"rendered":"Eg\u00e9szs\u00e9gcentrum"},"content":{"rendered":"<div dir=\"auto\">\n<p>&nbsp;<\/p>\n<div dir=\"auto\">\n<p><span style=\"color: #000000; font-family: arial, helvetica, sans-serif; font-size: 14px; text-align: justify;\">Sz\u00e1munkra fontos, hogy tev\u00e9kenys\u00e9g\u00fcnkkel hozz\u00e1j\u00e1ruljunk embert\u00e1rsaink eg\u00e9szs\u00e9gmeg\u0151rz\u00e9s\u00e9hez.<\/span><\/p>\n<\/div>\n<\/div>\n<p style=\"text-align: justify;\"><span style=\"font-size: 14px;\"><span style=\"color: #000000;\"><span style=\"font-family: arial,helvetica,sans-serif;\">A c\u00e9g budapesti k\u00f6zpontj\u00e1ban tal\u00e1lhat\u00f3 Eg\u00e9szs\u00e9gcentrumban speci\u00e1lis tornag\u00e9pekkel v\u00e9gezhet\u0151 torna- \u00e9s aromamassz\u00e1zs szolg\u00e1ltat\u00e1sokkal seg\u00edtj\u00fck el\u0151 \u00fcgyfeleink eg\u00e9szs\u00e9gi \u00e1llapot\u00e1nak javul\u00e1s\u00e1t.<\/span><\/span><\/span><!--more--><!--more--><\/p>\n<p style=\"text-align: justify;\"><span style=\"font-size: 14px;\"><span style=\"color: #000000;\"><span style=\"font-family: arial,helvetica,sans-serif;\">Slender You g\u00e9pekkel felszerelt tornaterm\u00fcnk k\u00edm\u00e9letes \u00e9s hat\u00e9kony edz\u00e9si lehet\u0151s\u00e9get biztos\u00edt, \u00edgy ak\u00e1r mozg\u00e1sszervi b\u00e1ntalmakkal k\u00fcszk\u00f6d\u0151k, nagyobb s\u00falyfelesleggel rendelkez\u0151k \u00e9s \u00fcl\u0151munk\u00e1t v\u00e9gz\u0151k is meger\u0151ltet\u00e9s n\u00e9lk\u00fcl \u00e9lhetik \u00e1t a mozg\u00e1s \u00f6r\u00f6m\u00e9t.<br \/>\nA torna felgyors\u00edtja az anyagcser\u00e9t, beind\u00edtja a m\u00e9regtelen\u00edt\u0151 folyamatokat, jav\u00edtja a v\u00e9rkering\u00e9st. Az egy \u00f3r\u00e1s program sor\u00e1n a g\u00e9pek a testr\u00e9szeket megt\u00e1masztva mozgatj\u00e1k az izomcsoportokat \u00e9s r\u00e1seg\u00edtenek a helyes mozg\u00e1sra.<br \/>\nRendszeres edz\u00e9ssel m\u00e1r r\u00f6vid id\u0151n bel\u00fcl \u00e9szrevehet\u0151 a torna izmokra, \u00edz\u00fcletekre \u00e9s \u00e1ltal\u00e1nos k\u00f6z\u00e9rzetre gyakorolt kedvez\u0151 hat\u00e1sa.<\/span><\/span><\/span><\/p>\n<p style=\"text-align: justify;\"><span style=\"font-size: 14px;\"><span style=\"color: #000000;\"><span style=\"font-family: arial,helvetica,sans-serif;\"><strong>K\u00edn\u00e1latunk \u00e9s \u00e1raink 2024. febru\u00e1r 1-t\u0151l<\/strong><\/span><\/span><\/span><\/p>\n<table style=\"width: 82.8181%; height: 882px;\" width=\"378\">\n<tbody>\n<tr style=\"height: 30px;\">\n<td style=\"text-align: center; width: 99.635%; height: 30px;\" colspan=\"4\" width=\"378\"><span style=\"font-family: arial, helvetica, sans-serif;\">SV\u00c9DMASSZ\u00c1ZS &#8211; 30 PERC<\/span><\/td>\n<\/tr>\n<tr style=\"height: 61px;\">\n<td style=\"width: 32.2993%; height: 61px;\">&nbsp;<\/td>\n<td style=\"text-align: center; width: 36.1314%; height: 61px;\"><span style=\"font-family: arial, helvetica, sans-serif;\">1 alkalom<\/span><\/td>\n<td style=\"text-align: center; width: 7.66423%; height: 61px;\"><span style=\"font-family: arial, helvetica, sans-serif;\">5 alkalom<\/span><\/td>\n<td style=\"text-align: center; width: 23.5401%; height: 61px;\"><span style=\"font-family: arial, helvetica, sans-serif;\">10 alkalom<\/span><\/td>\n<\/tr>\n<tr style=\"height: 61px;\">\n<td style=\"width: 32.2993%; height: 61px;\"><span style=\"font-family: arial, helvetica, sans-serif;\">K\u00fcls\u0151 \u00fcgyfelek<\/span><\/td>\n<td style=\"text-align: center; width: 36.1314%; height: 61px;\"><span style=\"font-family: arial, helvetica, sans-serif;\">4 500 Ft<\/span><\/td>\n<td style=\"text-align: center; width: 7.66423%; height: 61px;\"><span style=\"font-family: arial, helvetica, sans-serif;\">19 200 Ft<\/span><\/td>\n<td style=\"text-align: center; width: 23.5401%; height: 61px;\"><span style=\"font-family: arial, helvetica, sans-serif;\">36 000 Ft<\/span><\/td>\n<\/tr>\n<tr style=\"height: 61px;\">\n<td style=\"width: 32.2993%; height: 61px;\"><span style=\"font-family: arial, helvetica, sans-serif;\">ALFA dolgoz\u00f3k<\/span><\/td>\n<td style=\"text-align: center; width: 36.1314%; height: 61px;\"><span style=\"font-family: arial, helvetica, sans-serif;\">2 300 Ft<\/span><\/td>\n<td style=\"text-align: center; width: 7.66423%; height: 61px;\"><span style=\"font-family: arial, helvetica, sans-serif;\">7 900 Ft<\/span><\/td>\n<td style=\"text-align: center; width: 23.5401%; height: 61px;\"><span style=\"font-family: arial, helvetica, sans-serif;\">14 700 Ft<\/span><\/td>\n<\/tr>\n<tr style=\"height: 61px;\">\n<td style=\"width: 32.2993%; height: 61px;\"><span style=\"font-family: arial, helvetica, sans-serif;\">Hozz\u00e1tartoz\u00f3k<\/span><\/td>\n<td style=\"text-align: center; width: 36.1314%; height: 61px;\"><span style=\"font-family: arial, helvetica, sans-serif;\">3 400 Ft<\/span><\/td>\n<td style=\"text-align: center; width: 7.66423%; height: 61px;\"><span style=\"font-family: arial, helvetica, sans-serif;\">13 600 Ft<\/span><\/td>\n<td style=\"text-align: center; width: 23.5401%; height: 61px;\"><span style=\"font-family: arial, helvetica, sans-serif;\">25 400 Ft<\/span><\/td>\n<\/tr>\n<tr style=\"height: 30px;\">\n<td style=\"text-align: center; width: 99.635%; height: 30px;\" colspan=\"4\"><span style=\"font-family: arial, helvetica, sans-serif;\">SV\u00c9DMASSZ\u00c1ZS &#8211; 60 PERC<\/span><\/td>\n<\/tr>\n<tr style=\"height: 61px;\">\n<td style=\"width: 32.2993%; height: 61px;\">&nbsp;<\/td>\n<td style=\"width: 36.1314%; text-align: center; height: 61px;\">1 alkalom<\/td>\n<td style=\"width: 7.66423%; text-align: center; height: 61px;\">5 alkalom<\/td>\n<td style=\"width: 23.5401%; text-align: center; height: 61px;\">10 alkalom<\/td>\n<\/tr>\n<tr style=\"height: 61px;\">\n<td style=\"width: 32.2993%; height: 61px;\"><span style=\"font-family: arial, helvetica, sans-serif;\">K\u00fcls\u0151 \u00fcgyfelek<\/span><\/td>\n<td style=\"text-align: center; width: 36.1314%; height: 61px;\"><span style=\"font-family: arial, helvetica, sans-serif;\">9 000 Ft<\/span><\/td>\n<td style=\"text-align: center; width: 7.66423%; height: 61px;\"><span style=\"font-family: arial, helvetica, sans-serif;\">36 000 Ft<\/span><\/td>\n<td style=\"text-align: center; width: 23.5401%; height: 61px;\"><span style=\"font-family: arial, helvetica, sans-serif;\">67 500 Ft<\/span><\/td>\n<\/tr>\n<tr style=\"height: 61px;\">\n<td style=\"width: 32.2993%; height: 61px;\"><span style=\"font-family: arial, helvetica, sans-serif;\">ALFA dolgoz\u00f3k<\/span><\/td>\n<td style=\"text-align: center; width: 36.1314%; height: 61px;\"><span style=\"font-family: arial, helvetica, sans-serif;\">4 500 Ft<\/span><\/td>\n<td style=\"text-align: center; width: 7.66423%; height: 61px;\"><span style=\"font-family: arial, helvetica, sans-serif;\">15 800 Ft<\/span><\/td>\n<td style=\"text-align: center; width: 23.5401%; height: 61px;\"><span style=\"font-family: arial, helvetica, sans-serif;\">29 300 Ft<\/span><\/td>\n<\/tr>\n<tr style=\"height: 61px;\">\n<td style=\"width: 32.2993%; height: 61px;\"><span style=\"font-family: arial, helvetica, sans-serif;\">Hozz\u00e1tartoz\u00f3k<\/span><\/td>\n<td style=\"text-align: center; width: 36.1314%; height: 61px;\"><span style=\"font-family: arial, helvetica, sans-serif;\">6 800 Ft<\/span><\/td>\n<td style=\"text-align: center; width: 7.66423%; height: 61px;\"><span style=\"font-family: arial, helvetica, sans-serif;\">25 900 Ft<\/span><\/td>\n<td style=\"text-align: center; width: 23.5401%; height: 61px;\"><span style=\"font-family: arial, helvetica, sans-serif;\">48 400 Ft<\/span><\/td>\n<\/tr>\n<tr style=\"height: 30px;\">\n<td style=\"text-align: center; width: 99.635%; height: 30px;\" colspan=\"4\"><span style=\"font-family: arial, helvetica, sans-serif;\">TORNAG\u00c9PES EDZ\u00c9S<\/span><\/td>\n<\/tr>\n<tr style=\"height: 61px;\">\n<td style=\"text-align: center; width: 68.4307%; height: 61px;\" colspan=\"2\">&nbsp;<\/td>\n<td style=\"text-align: center; width: 7.66423%; height: 61px;\"><span style=\"font-family: arial, helvetica, sans-serif;\">1 alkalom<\/span><\/td>\n<td style=\"text-align: center; width: 23.5401%; height: 61px;\"><span style=\"font-family: arial, helvetica, sans-serif;\">10 alkalom<\/span><\/td>\n<\/tr>\n<tr style=\"height: 61px;\">\n<td style=\"text-align: center; width: 68.4307%; height: 61px;\" colspan=\"2\"><span style=\"font-family: arial, helvetica, sans-serif;\">K\u00fcls\u0151 \u00fcgyfelek<\/span><\/td>\n<td style=\"text-align: center; width: 7.66423%; height: 61px;\"><span style=\"font-family: arial, helvetica, sans-serif;\">1 700 Ft<\/span><\/td>\n<td style=\"text-align: center; width: 23.5401%; height: 61px;\"><span style=\"font-family: arial, helvetica, sans-serif;\">14 600 Ft<\/span><\/td>\n<\/tr>\n<tr>\n<td style=\"text-align: center; width: 68.4307%;\" colspan=\"2\"><span style=\"font-family: arial, helvetica, sans-serif;\">MEOSZ-tagok, nyugd\u00edjasok<\/span><\/td>\n<td style=\"text-align: center; width: 7.66423%;\"><span style=\"font-family: arial, helvetica, sans-serif;\">1 200 Ft<\/span><\/td>\n<td style=\"text-align: center; width: 23.5401%;\"><span style=\"font-family: arial, helvetica, sans-serif;\">10 300 Ft<\/span><\/td>\n<\/tr>\n<tr style=\"height: 30px;\">\n<td style=\"text-align: center; height: 30px;\" colspan=\"2\"><span style=\"font-family: arial, helvetica, sans-serif;\">ALFA dolgoz\u00f3k<\/span><\/td>\n<td style=\"text-align: center; width: 7.66423%; height: 30px;\"><span style=\"font-family: arial, helvetica, sans-serif;\">500 Ft<\/span><\/td>\n<td style=\"text-align: center; width: 23.5401%; height: 30px;\"><span style=\"font-family: arial, helvetica, sans-serif;\">4 400 Ft<\/span><\/td>\n<\/tr>\n<tr style=\"height: 61px;\">\n<td style=\"text-align: center; width: 68.4307%; height: 61px;\" colspan=\"2\"><span style=\"font-family: arial, helvetica, sans-serif;\">Hozz\u00e1tartoz\u00f3k<\/span><\/td>\n<td style=\"text-align: center; width: 7.66423%; height: 61px;\"><span style=\"font-family: arial, helvetica, sans-serif;\">1 100 Ft<\/span><\/td>\n<td style=\"text-align: center; width: 23.5401%; height: 61px;\"><span style=\"font-family: arial, helvetica, sans-serif;\">9 500 Ft<\/span><\/td>\n<\/tr>\n<\/tbody>\n<\/table>\n<p><span style=\"font-family: arial, helvetica, sans-serif;\"><em>A b\u00e9rletek \u00e9rv\u00e9nyess\u00e9ge a v\u00e1s\u00e1rl\u00e1st\u00f3l sz\u00e1m\u00edtott 4. (5 alk.) ill. 7. h\u00f3nap utols\u00f3 napt\u00e1ri napja. Munkasz\u00fcneti nap eset\u00e9n a k\u00f6vetkez\u0151 munkanap.<\/em><\/span><br \/>\n<span style=\"font-family: arial, helvetica, sans-serif;\"><em>Akad\u00e1lyoztat\u00e1s eset\u00e9n a lej\u00e1rati id\u0151 egyedi elb\u00edr\u00e1l\u00e1s alapj\u00e1n v\u00e1ltoztathat\u00f3.<\/em><\/span><br \/>\n<span style=\"font-family: arial, helvetica, sans-serif;\"><em>Lemond\u00e1si id\u0151: a foglalt id\u0151pont el\u0151tt legal\u00e1bb 24 \u00f3r\u00e1val<\/em><\/span><br \/>\n<span style=\"font-family: arial, helvetica, sans-serif;\"><em>A b\u00e9rlet nem \u00e1truh\u00e1zhat\u00f3.<\/em><\/span><br \/>\n<span style=\"font-family: arial, helvetica, sans-serif;\"><em>V\u00e1s\u00e1rl\u00e1st\u00f3l val\u00f3 el\u00e1ll\u00e1s eset\u00e9n nincs m\u00f3d a b\u00e9rlet \u00e1r\u00e1nak (vagy egy r\u00e9sz\u00e9nek) visszat\u00e9r\u00edt\u00e9s\u00e9re.&#8221; <\/em><\/span><\/p>\n<p style=\"text-align: justify;\"><span style=\"font-size: 14px;\"><span style=\"color: #000000;\"><span style=\"font-family: arial,helvetica,sans-serif;\"><strong>Rem\u00e9lj\u00fck, hogy rekre\u00e1ci\u00f3s szolg\u00e1ltat\u00e1sainkat hamarosan \u00d6n is ig\u00e9nybe veszi.<br \/>\nSz\u00e1njon p\u00e1r \u00f3r\u00e1t \u00f6nmag\u00e1ra, \u00e9s arra, hogy minden napja eg\u00e9szs\u00e9gesebben induljon!<\/strong><\/span><\/span><\/span><\/p>\n<p style=\"text-align: justify;\"><span style=\"font-size: 14px;\"><span style=\"color: #000000;\"><span style=\"font-family: arial,helvetica,sans-serif;\">K\u00e9rj\u00fck, hogy a rendelkez\u00e9sre \u00e1ll\u00f3 kapacit\u00e1s megfelel\u0151 kihaszn\u00e1l\u00e1sa \u00e9rdek\u00e9ben az egyes szolg\u00e1ltat\u00e1sok ig\u00e9nybev\u00e9tel\u00e9re el\u0151zetesen jelentkezzen be telefonon vagy a helysz\u00ednen.<\/span><\/span><\/span><\/p>\n<p style=\"text-align: justify;\"><span style=\"font-size: 14px;\"><span style=\"color: #000000;\"><span style=\"font-family: arial,helvetica,sans-serif;\"><strong>El\u00e9rhet\u0151s\u00e9geink:<\/strong><br \/>\nTelefon: +36 1&nbsp;412 8128<br \/>\nC\u00edm: 1139 Budapest, Lomb u. 22.<\/span><\/span><\/span><\/p>\n<p style=\"text-align: justify;\"><span style=\"font-size: 14px;\"><span style=\"color: #000000;\"><span style=\"font-family: arial,helvetica,sans-serif;\"><strong>Nyitva tart\u00e1s:<\/strong><br \/>\nH\u00e9tf\u0151 &#8211; cs\u00fct\u00f6rt\u00f6k: 8:00 \u2013 16:30<br \/>\nP\u00e9ntek: z\u00e1rva<\/span><\/span><\/span><\/p>\n<p>&nbsp;<\/p>\n<p style=\"text-align: justify;\"><span style=\"font-size: 14px;\"><strong><span style=\"color: #000000;\"><span style=\"font-family: arial,helvetica,sans-serif;\">T\u00e9rk\u00e9p:<\/span><\/span><\/strong><\/span><\/p>\n<p style=\"text-align: justify;\"><span style=\"font-size: 14px;\"><span style=\"color: #000000;\"><iframe loading=\"lazy\" style=\"border: 0;\" src=\"https:\/\/www.google.com\/maps\/embed?pb=!1m18!1m12!1m3!1d2693.5780566183!2d19.06840251562804!3d47.53707717918013!2m3!1f0!2f0!3f0!3m2!1i1024!2i768!4f13.1!3m3!1m2!1s0x4741dbc1f82fc9a3%3A0xb6f1b9b439aabd90!2sBudapest%2C+Lomb+u.+22%2C+1139!5e0!3m2!1shu!2shu!4v1473174022851\" width=\"600\" height=\"450\" frameborder=\"0\" allowfullscreen=\"allowfullscreen\"><\/iframe><\/span><\/span><\/p>\n","protected":false},"excerpt":{"rendered":"<p>&nbsp; Sz\u00e1munkra fontos, hogy tev\u00e9kenys\u00e9g\u00fcnkkel hozz\u00e1j\u00e1ruljunk embert\u00e1rsaink eg\u00e9szs\u00e9gmeg\u0151rz\u00e9s\u00e9hez. A c\u00e9g budapesti k\u00f6zpontj\u00e1ban tal\u00e1lhat\u00f3 Eg\u00e9szs\u00e9gcentrumban speci\u00e1lis tornag\u00e9pekkel v\u00e9gezhet\u0151 torna- \u00e9s aromamassz\u00e1zs&hellip; <\/p>\n","protected":false},"author":1,"featured_media":0,"parent":49,"menu_order":6,"comment_status":"closed","ping_status":"closed","template":"","meta":{"ngg_post_thumbnail":0,"footnotes":""},"class_list":["post-86","page","type-page","status-publish","hentry"],"_links":{"self":[{"href":"http:\/\/alfarehab.hu\/alfarehabweb\/wp-json\/wp\/v2\/pages\/86","targetHints":{"allow":["GET"]}}],"collection":[{"href":"http:\/\/alfarehab.hu\/alfarehabweb\/wp-json\/wp\/v2\/pages"}],"about":[{"href":"http:\/\/alfarehab.hu\/alfarehabweb\/wp-json\/wp\/v2\/types\/page"}],"author":[{"embeddable":true,"href":"http:\/\/alfarehab.hu\/alfarehabweb\/wp-json\/wp\/v2\/users\/1"}],"replies":[{"embeddable":true,"href":"http:\/\/alfarehab.hu\/alfarehabweb\/wp-json\/wp\/v2\/comments?post=86"}],"version-history":[{"count":75,"href":"http:\/\/alfarehab.hu\/alfarehabweb\/wp-json\/wp\/v2\/pages\/86\/revisions"}],"predecessor-version":[{"id":1516,"href":"http:\/\/alfarehab.hu\/alfarehabweb\/wp-json\/wp\/v2\/pages\/86\/revisions\/1516"}],"up":[{"embeddable":true,"href":"http:\/\/alfarehab.hu\/alfarehabweb\/wp-json\/wp\/v2\/pages\/49"}],"wp:attachment":[{"href":"http:\/\/alfarehab.hu\/alfarehabweb\/wp-json\/wp\/v2\/media?parent=86"}],"curies":[{"name":"wp","href":"https:\/\/api.w.org\/{rel}","templated":true}]}}