{"id":76,"date":"2016-09-05T19:22:34","date_gmt":"2016-09-05T19:22:34","guid":{"rendered":"http:\/\/alfarehab.hu\/alfarehabweb\/?page_id=76"},"modified":"2026-03-30T06:19:14","modified_gmt":"2026-03-30T06:19:14","slug":"kisbutorgyartas","status":"publish","type":"page","link":"http:\/\/alfarehab.hu\/alfarehabweb\/tevekenysegeink\/kisbutorgyartas\/","title":{"rendered":"B\u00fatorgy\u00e1rt\u00e1s"},"content":{"rendered":"<p style=\"text-align: justify;\"><span style=\"color: #000000;\">Szegedi asztalos \u00fczem\u00fcnk 2000 \u00f3ta a D\u00e9l\u00e9p Ipari Park ter\u00fclet\u00e9n m\u0171k\u00f6dik korszer\u0171 k\u00f6r\u00fclm\u00e9nyek k\u00f6z\u00f6tt.<br \/>\n<\/span><span style=\"color: #000000;\">Egyedi b\u00fator- \u00e9s irodab\u00fatorgy\u00e1rt\u00e1ssal seg\u00edtj\u00fck megrendel\u0151ink egy\u00e9ni elk\u00e9pzel\u00e9seihez igazod\u00f3, praktikus \u00e9s eszt\u00e9tikus lak\u00f3- illetve munkak\u00f6rnyezet\u00fck kialak\u00edt\u00e1s\u00e1t.<br \/>\n\u00d3vodai \u00e9s b\u00f6lcs\u0151dei int\u00e9zm\u00e9nyek sz\u00e1m\u00e1ra teljes k\u00f6r\u0171 term\u00e9kpalett\u00e1val \u00e1llunk rendelkez\u00e9sre. Sz\u00e1munkra fontos, hogy olyan anyagokkal dolgozzunk, amelyek mind a k\u00f6rnyezetre, mind a gyerekre \u00e1rtalmatlanok. Term\u00e9keink t\u00f6m\u00f6rf\u00e1b\u00f3l k\u00e9sz\u00fclnek. Seg\u00e9dold\u00f3szer-mentes v\u00edzb\u00e1zis\u00fa lakkokat haszn\u00e1lunk, amelyek rendelkeznek a<strong> hat\u00e1lyos KERMI-T\u00dcV S\u00dcD eur\u00f3pai<\/strong><strong> <strong>tan\u00fas\u00edtv\u00e1nnyal<\/strong>.<\/strong> 95 megv\u00e1ltozott munkak\u00e9pess\u00e9g\u0171 dolgoz\u00f3nk lelkes hozz\u00e1\u00e1ll\u00e1sa \u00f6regb\u00edti napr\u00f3l napra h\u00edrnev\u00fcnket. Ezt bizony\u00edtja sz\u00e1mos referenci\u00e1nk.<\/span><\/p>\n<p style=\"text-align: justify;\"><span style=\"color: #000000;\">Gy\u00e1rtm\u00e1nyaink magas min\u0151s\u00e9gi, eszt\u00e9tikai \u00e9s ergon\u00f3miai jellemz\u0151kkel rendelkeznek, melyet a k\u00f6rnyezettudatos szeml\u00e9let\u00fcnkkel \u00e9s a felhaszn\u00e1lt magas min\u0151s\u00e9g\u0171 anyagokkal tesz\u00fcnk teljess\u00e9.<\/span><\/p>\n<p style=\"text-align: justify;\"><span style=\"color: #000000;\">Rem\u00e9lj\u00fck, al\u00e1bbi k\u00edn\u00e1latunk elnyeri tetsz\u00e9s\u00e9t, vagy amennyiben saj\u00e1t elk\u00e9pzel\u00e9se van, ennek megval\u00f3s\u00edt\u00e1s\u00e1ban is \u00e1llunk sz\u00edves rendelkez\u00e9s\u00e9re.<\/span><\/p>\n<p style=\"text-align: justify;\"><span style=\"color: #000000;\">Term\u00e9keink megv\u00e1s\u00e1rl\u00e1s\u00e1val megv\u00e1ltozott munkak\u00e9pess\u00e9g\u0171 emberek munkahely meg\u0151rz\u00e9s\u00e9t \u00e9s \u00faj munkahelyek teremt\u00e9s\u00e9t t\u00e1mogatja.<\/span><\/p>\n","protected":false},"excerpt":{"rendered":"<p>Szegedi asztalos \u00fczem\u00fcnk 2000 \u00f3ta a D\u00e9l\u00e9p Ipari Park ter\u00fclet\u00e9n m\u0171k\u00f6dik korszer\u0171 k\u00f6r\u00fclm\u00e9nyek k\u00f6z\u00f6tt. Egyedi b\u00fator- \u00e9s irodab\u00fatorgy\u00e1rt\u00e1ssal seg\u00edtj\u00fck megrendel\u0151ink&hellip; <\/p>\n","protected":false},"author":1,"featured_media":0,"parent":49,"menu_order":1,"comment_status":"closed","ping_status":"closed","template":"","meta":{"ngg_post_thumbnail":0,"footnotes":""},"class_list":["post-76","page","type-page","status-publish","hentry"],"_links":{"self":[{"href":"http:\/\/alfarehab.hu\/alfarehabweb\/wp-json\/wp\/v2\/pages\/76","targetHints":{"allow":["GET"]}}],"collection":[{"href":"http:\/\/alfarehab.hu\/alfarehabweb\/wp-json\/wp\/v2\/pages"}],"about":[{"href":"http:\/\/alfarehab.hu\/alfarehabweb\/wp-json\/wp\/v2\/types\/page"}],"author":[{"embeddable":true,"href":"http:\/\/alfarehab.hu\/alfarehabweb\/wp-json\/wp\/v2\/users\/1"}],"replies":[{"embeddable":true,"href":"http:\/\/alfarehab.hu\/alfarehabweb\/wp-json\/wp\/v2\/comments?post=76"}],"version-history":[{"count":17,"href":"http:\/\/alfarehab.hu\/alfarehabweb\/wp-json\/wp\/v2\/pages\/76\/revisions"}],"predecessor-version":[{"id":1543,"href":"http:\/\/alfarehab.hu\/alfarehabweb\/wp-json\/wp\/v2\/pages\/76\/revisions\/1543"}],"up":[{"embeddable":true,"href":"http:\/\/alfarehab.hu\/alfarehabweb\/wp-json\/wp\/v2\/pages\/49"}],"wp:attachment":[{"href":"http:\/\/alfarehab.hu\/alfarehabweb\/wp-json\/wp\/v2\/media?parent=76"}],"curies":[{"name":"wp","href":"https:\/\/api.w.org\/{rel}","templated":true}]}}