{"id":46,"date":"2016-09-05T18:59:15","date_gmt":"2016-09-05T18:59:15","guid":{"rendered":"http:\/\/alfarehab.hu\/alfarehabweb\/?page_id=46"},"modified":"2026-03-30T04:25:56","modified_gmt":"2026-03-30T04:25:56","slug":"fooldal","status":"publish","type":"page","link":"http:\/\/alfarehab.hu\/alfarehabweb\/","title":{"rendered":"F\u0151oldal"},"content":{"rendered":"<p><\/strong><\/p>\n<h3 style=\"text-align: center;\"><span style=\"color: #000000;\"><strong>\u00dcdv\u00f6z\u00f6lj\u00fck honlapunkon!<\/strong><\/span><\/h3>\n<p style=\"text-align: justify;\">&nbsp;<\/p>\n<p style=\"text-align: justify;\"><a href=\"https:\/\/www.palyazat.gov.hu\/\" target=\"_blank\" rel=\"noopener noreferrer\"><img loading=\"lazy\" decoding=\"async\" class=\"alignright wp-image-770 size-full\" src=\"http:\/\/alfarehab.hu\/alfarehabweb\/wp-content\/uploads\/2016\/09\/infoblokk_kedv_final_felso_rgb_erfa_434x300.jpg\" alt=\"\" width=\"434\" height=\"300\" srcset=\"http:\/\/alfarehab.hu\/alfarehabweb\/wp-content\/uploads\/2016\/09\/infoblokk_kedv_final_felso_rgb_erfa_434x300.jpg 434w, http:\/\/alfarehab.hu\/alfarehabweb\/wp-content\/uploads\/2016\/09\/infoblokk_kedv_final_felso_rgb_erfa_434x300-300x207.jpg 300w, http:\/\/alfarehab.hu\/alfarehabweb\/wp-content\/uploads\/2016\/09\/infoblokk_kedv_final_felso_rgb_erfa_434x300-231x160.jpg 231w\" sizes=\"auto, (max-width: 434px) 100vw, 434px\" \/><\/a><span style=\"font-size: 18px;\"><strong><span style=\"color: #000000;\">A<\/span><\/strong><\/span><span style=\"font-size: 16px;\"><strong><span style=\"color: #000000;\">z Alfa Rehabilit\u00e1ci\u00f3s Nonprofit K\u00f6zhaszn\u00fa Kft. \u2013 jogel\u0151djeit is figyelembe v\u00e9ve &#8211; Magyarorsz\u00e1g egyik legr\u00e9gebbi megv\u00e1ltozott munkak\u00e9pess\u00e9g\u0171eket foglalkoztat\u00f3 t\u00e1rsas\u00e1ga.<\/span><\/strong><\/span><\/p>\n<p style=\"text-align: justify;\">1986-ban a MEOSZ azzal a sz\u00e1nd\u00e9kkal hozta l\u00e9tre az Alfa Ipari V\u00e1llalatot, hogy lehet\u0151s\u00e9get teremtsen, a megv\u00e1ltozott munkak\u00e9pess\u00e9g\u0171 emberek foglalkoztat\u00e1s\u00e1ra, \u00e9s ezzel el\u00e9rhet\u0151 c\u00e9lokat, teljesebb \u00e9letet biztos\u00edtson munkav\u00e1llal\u00f3ink sz\u00e1m\u00e1ra, illetve hogy foglalkoztat\u00e1suk \u00e1ltal el\u0151seg\u00edtse t\u00e1rsadalmi integr\u00e1ci\u00f3jukat. A V\u00e1llalat m\u00e1ra egy c\u00e9gcsoportt\u00e1 n\u0151tte ki mag\u00e1t, amelynek z\u00e1szl\u00f3viv\u0151je az ALFA Rehabilit\u00e1ci\u00f3s Nonprofit K\u00f6zhaszn\u00fa Kft.<\/p>\n<p style=\"text-align: justify;\"><span style=\"color: #000000;\"><strong>Mi\u00e9rt v\u00e1lasszon minket?<\/strong><\/span><\/p>\n<ul>\n<li style=\"text-align: justify;\"><span style=\"color: #000000;\">K\u00f6zhaszn\u00fa foglalkoztat\u00e1spolitik\u00e1nk miatt Partnereinknek versenyk\u00e9pes \u00e1rakat tudunk biztos\u00edtani.<\/span><\/li>\n<li style=\"text-align: justify;\"><span style=\"color: #000000;\">Misszi\u00f3nknak tekintj\u00fck, hogy az \u00fczletfel\u00fcnk sikere a mi b\u00fcszkes\u00e9g\u00fcnk is lehessen.<\/span><\/li>\n<li style=\"text-align: justify;\"><span style=\"color: #000000;\">Folyamatosan t\u00f6reksz\u00fcnk a min\u0151s\u00e9gorient\u00e1lt munkav\u00e9gz\u00e9sre.<\/span><\/li>\n<li style=\"text-align: justify;\"><span style=\"color: #000000;\">Sokr\u00e9t\u0171 tev\u00e9kenys\u00e9g\u00fcnk r\u00e9v\u00e9n komplex megold\u00e1sokat k\u00edn\u00e1lunk vev\u0151ink ig\u00e9nyeire is.<\/span><\/li>\n<li style=\"text-align: justify;\"><span style=\"color: #000000;\">R\u00f6vid hat\u00e1rid\u0151kkel \u00e9s rugalmas, \u00fcgyf\u00e9lcentrikus kiszolg\u00e1l\u00e1ssal v\u00e1rjuk \u00d6nt.<\/span><\/li>\n<li style=\"text-align: justify;\"><span style=\"color: #000000;\">Ha minket v\u00e1laszt, akkor megv\u00e1ltozott munkak\u00e9pess\u00e9g\u0171 emberek munkahely meg\u0151rz\u00e9s\u00e9t \u00e9s \u00faj munkahelyek teremt\u00e9s\u00e9t t\u00e1mogatja.<\/span><\/li>\n<\/ul>\n<p style=\"text-align: justify;\"><strong><span style=\"color: #000000;\">Jelenleg az al\u00e1bbi tev\u00e9kenys\u00e9gekkel foglalkozunk:<\/span><\/strong><\/p>\n<ul>\n<li style=\"text-align: justify;\"><span style=\"color: #000000;\">Egyedi b\u00fatorok, irodab\u00fator, kisb\u00fator \u00e9s \u00f3vodai b\u00fator, valamint faj\u00e1t\u00e9kok gy\u00e1rt\u00e1sa,<\/span><\/li>\n<li style=\"text-align: justify;\"><span style=\"color: #000000;\">Digit\u00e1lis nyomdai szolg\u00e1ltat\u00e1sok, valamint k\u00f6t\u00e9szeti term\u00e9kek el\u0151\u00e1ll\u00edt\u00e1sa,<\/span><\/li>\n<li style=\"text-align: justify;\"><span style=\"color: #000000;\">Varrodai szolg\u00e1ltat\u00e1sok,<\/span><\/li>\n<li style=\"text-align: justify;\"><span style=\"color: #000000;\">K\u00e9zi csomagol\u00e1s, f\u00f3li\u00e1z\u00e1s, \u00f6sszeszerel\u00e9s, <\/span><\/li>\n<li style=\"text-align: justify;\"><span style=\"color: #000000;\">Friss\u00edt\u0151 massz\u00e1zs<\/span><span style=\"color: #000000;\">.<\/span><\/li>\n<\/ul>\n<p>&nbsp;<\/p>\n","protected":false},"excerpt":{"rendered":"<p>\u00dcdv\u00f6z\u00f6lj\u00fck honlapunkon! &nbsp; Az Alfa Rehabilit\u00e1ci\u00f3s Nonprofit K\u00f6zhaszn\u00fa Kft. \u2013 jogel\u0151djeit is figyelembe v\u00e9ve &#8211; Magyarorsz\u00e1g egyik legr\u00e9gebbi megv\u00e1ltozott munkak\u00e9pess\u00e9g\u0171eket&hellip; <\/p>\n","protected":false},"author":1,"featured_media":0,"parent":0,"menu_order":1,"comment_status":"closed","ping_status":"closed","template":"","meta":{"ngg_post_thumbnail":0,"footnotes":""},"class_list":["post-46","page","type-page","status-publish","hentry"],"_links":{"self":[{"href":"http:\/\/alfarehab.hu\/alfarehabweb\/wp-json\/wp\/v2\/pages\/46","targetHints":{"allow":["GET"]}}],"collection":[{"href":"http:\/\/alfarehab.hu\/alfarehabweb\/wp-json\/wp\/v2\/pages"}],"about":[{"href":"http:\/\/alfarehab.hu\/alfarehabweb\/wp-json\/wp\/v2\/types\/page"}],"author":[{"embeddable":true,"href":"http:\/\/alfarehab.hu\/alfarehabweb\/wp-json\/wp\/v2\/users\/1"}],"replies":[{"embeddable":true,"href":"http:\/\/alfarehab.hu\/alfarehabweb\/wp-json\/wp\/v2\/comments?post=46"}],"version-history":[{"count":54,"href":"http:\/\/alfarehab.hu\/alfarehabweb\/wp-json\/wp\/v2\/pages\/46\/revisions"}],"predecessor-version":[{"id":1539,"href":"http:\/\/alfarehab.hu\/alfarehabweb\/wp-json\/wp\/v2\/pages\/46\/revisions\/1539"}],"wp:attachment":[{"href":"http:\/\/alfarehab.hu\/alfarehabweb\/wp-json\/wp\/v2\/media?parent=46"}],"curies":[{"name":"wp","href":"https:\/\/api.w.org\/{rel}","templated":true}]}}